{"id":177,"date":"2024-05-08T14:20:59","date_gmt":"2024-05-08T18:20:59","guid":{"rendered":"https:\/\/stpaulelementary.swlauriersb.vortexdev.com\/our-school-about-us\/"},"modified":"2024-05-30T08:41:03","modified_gmt":"2024-05-30T12:41:03","slug":"notre-ecole-a-propos","status":"publish","type":"page","link":"https:\/\/stpaulelementary.swlauriersb.vortexdev.com\/fr\/notre-ecole-a-propos\/","title":{"rendered":"Notre \u00e9cole \/ \u00e0 propos"},"content":{"rendered":"\n<p>La communaut\u00e9 de St. Paul est une communaut\u00e9. Notre Assocation Home and School est compos\u00e9 de parents b\u00e9n\u00e9voles qui planifient, recueillent des fonds et mettent en \u0153uvre une vari\u00e9t\u00e9 d\u2019activit\u00e9s pour nos \u00e9l\u00e8ves.<\/p>\n\n\n\n<p>Le conseil d\u2019\u00e9tablissement de l\u2019\u00e9cole St. Paul est compos\u00e9 de membres du personnel et de parents et a comme mandat d\u2019orienter certains aspects du fonctionnement de l\u2019\u00e9cole, conform\u00e9ment \u00e0 la Loi sur l\u2019\u00e9ducation du Qu\u00e9bec. Ce comit\u00e9 se r\u00e9unit mensuellement pour discuter de divers sujets, approuver et\/ou adopter des propositions et des politiques pour l\u2019\u00e9cole.<\/p>\n\n\n\n<p><a href=\"https:\/\/www.youtube.com\/watch?v=OVjraunoq2U\">Cliquez ICI<\/a>&nbsp; pour une visite virtuelle de notre \u00e9cole!<\/p>\n\n\n\n<h2 class=\"wp-block-heading\">Un Peu Plus Sur Nous<\/h2>\n\n\n\n<p>St. Paul fait partie de la Commission scolaire Sir-Wilfrid Laurier et sert les \u00e9l\u00e8ves de l\u2019est de Laval, plus pr\u00e9cis\u00e9ment de Vimont et de Duvernay. Nous accueillons actuellement 440 \u00e9tudiants sur un campus partag\u00e9 entre nos deux b\u00e2timents Junior (Main) et Senior (Annexe). Nous avons un personnel compos\u00e9 d\u2019une directrice, une directrice adjointe, 35 enseignants, deux secr\u00e9taires, dix pr\u00e9pos\u00e9s, une technicienne en service de garde, six \u00e9ducatrices, 16 superviseurs \u00e0 l\u2019heure du midi et trois concierges.<\/p>\n\n\n\n<h2 class=\"wp-block-heading\">Une \u00c9cole Formidable, Deux B\u00e2timents !<\/h2>\n\n\n\n<p>Notre campus commun entre les deux b\u00e2timents permet aux \u00e9tudiants d\u2019apprendre dans un environnement entour\u00e9 d\u2019\u00e9l\u00e8ves d\u2019un groupe d\u2019\u00e2ge similaire.<\/p>\n\n\n\n<p>Notre b\u00e2timent du Main accueille nos \u00e9l\u00e8ves de la pr\u00e9maternelle, de la maternelle et du premier cycle (1re et 2e ann\u00e9e) et est \u00e9quip\u00e9 d\u2019un gymnase, d\u2019une biblioth\u00e8que, d\u2019une salle d\u2019orthop\u00e9dagogie, d\u2019une salle sensorielle, d\u2019une salle de musique, et est enti\u00e8rement c\u00e2bl\u00e9 pour la technologie SMART et les tableaux blancs interactifs.<\/p>\n\n\n\n<p>Notre b\u00e2timent de l\u2019Annexe accueille nos \u00e9l\u00e8ves de la 3e \u00e0 la 6e ann\u00e9e et est \u00e9quip\u00e9 d\u2019une biblioth\u00e8que, d\u2019une salle de musique, d\u2019une salle d\u2019orthop\u00e9dagogie, d\u2019un gymnase, d\u2019une garderie et d\u2019une caf\u00e9t\u00e9ria.<\/p>\n\n\n\n<p>Gr\u00e2ce \u00e0 une \u00ab entente \u00bb avec la Ville de Laval, nous sommes \u00e9galement autoris\u00e9s \u00e0 utiliser le terrain de baseball, la patinoire d\u2019hiver et le parc St. Ernest pendant nos r\u00e9cr\u00e9ations, notre pause-repas et les heures de service de garde. Cela fait plus que doubler le territoire de notre aire de jeu ext\u00e9rieure et offre une vari\u00e9t\u00e9 de possibilit\u00e9s de jeu pour nos \u00e9l\u00e8ves.<\/p>\n\n\n\n<h2 class=\"wp-block-heading\">Pour Nos \u00c9tudiants Ayant Des Besoins Particuliers<\/h2>\n\n\n\n<p>Les \u00e9l\u00e8ves n\u2019apprennent pas tous au m\u00eame rythme, et certains ont besoin de soutien suppl\u00e9mentaire pour r\u00e9ussir. Tous nos \u00e9tudiants vivent notre mod\u00e8le inclusif, avec des \u00e9tudiants qui ont divers besoins qui sont int\u00e9gr\u00e9s dans nos classes. Afin de soutenir nos \u00e9tudiants qui ont des besoins d\u2019apprentissage particuliers, nous avons mis en place les syst\u00e8mes suivants :<\/p>\n\n\n\n<p>Soutien en orthop\u00e9dagogie avec des enseignantes qualifi\u00e9es pour offrir un soutien suppl\u00e9mentaire pendant leur temps d\u2019apprentissage en anglais et en math\u00e9matiques;<\/p>\n\n\n\n<p>Acc\u00e8s \u00e0 des technologies d\u2019assistance gr\u00e2ce \u00e0 des subventions du gouvernement, si la demande est approuv\u00e9e;<\/p>\n\n\n\n<p>Plans d\u2019\u00e9ducation individualis\u00e9 d\u00e9crivant les adaptations et les modifications apport\u00e9es pour favoriser la r\u00e9ussite des \u00e9l\u00e8ves.<\/p>\n\n\n\n<p>Nous sommes aussi une \u00e9cole sans danger de noix. Les produits contenant explicitement des noix (beurre d\u2019arachide, Nutella, etc.) sont interdits et nous encourageons tous les \u00e9l\u00e8ves \u00e0 choisir des produits sans noix pour leurs collations scolaires. Les \u00e9l\u00e8ves souffrant d\u2019allergies anaphylactiques sont bien identifi\u00e9s dans leurs salles de classe et les Epipens sont conserv\u00e9s \u00e0 des endroits str\u00e9giques pour une utilisation d\u2019urgence. Tous les enseignants re\u00e7oivent une formation Epipen.<\/p>\n\n\n\n<h2 class=\"wp-block-heading\">Programme d\u2019\u00e9tudes<\/h2>\n\n\n\n<p>\u00c0 St. Paul, nous n\u2019utilisons que du mat\u00e9riel p\u00e9dagogique et des cahiers d\u2019exercices approuv\u00e9s par le Minist\u00e8re. Les enseignants disposent de licences num\u00e9riques pour le mat\u00e9riel didactique en ligne afin d\u2019am\u00e9liorer l\u2019apprentissage des \u00e9l\u00e8ves gr\u00e2ce \u00e0 l\u2019utilisation de la technologie SMART et de tableaux blancs interactifs.<\/p>\n\n\n\n<p>Nous recevons chaque ann\u00e9e un certain nombre de subventions du gouvernement qui nous permettent d\u2019offrir un soutien suppl\u00e9mentaire aux \u00e9tudiants.<\/p>\n\n\n\n<p>\u00c0 Saint-Paul, notre programme d\u2019\u00e9tudes et les minutes attribu\u00e9s \u00e0 chaque sujet sont conformes aux recommandations du Programme d\u2019\u00e9ducation du Qu\u00e9bec et du R\u00e9gime P\u00e9dagogique, ce qui permet \u00e0 nos \u00e9l\u00e8ves de r\u00e9ussir dans toutes les mati\u00e8res.The St. Paul Governing Board is comprised of staff members and parents and is responsible for overseeing certain areas of the school\u2019s functioning, as per the Quebec Education Act. Ce comit\u00e9 se r\u00e9unit chaque mois pour discuter de divers sujets, approuver et\/ou adopter des propositions et des politiques pour l\u2019\u00e9cole.<\/p>\n\n\n\n<h2 class=\"wp-block-heading\">Programme-cycle pr\u00e9scolaire<\/h2>\n\n\n\n<ul>\n<li>50&nbsp;% d\u2019enseignement en anglais selon le Programme d\u2019\u00e9ducation \u00e0 la maternelle du Qu\u00e9bec<\/li>\n\n\n\n<li>50 % de l\u2019enseignement en fran\u00e7ais, selon le Programme qu\u00e9b\u00e9cois d\u2019\u00e9ducation \u00e0 la maternelle incluant Musique et \u00c9ducation Physique<\/li>\n<\/ul>\n\n\n\n<h2 class=\"wp-block-heading\">1re et 2e ann\u00e9e<\/h2>\n\n\n\n<p>Enseignement en anglais, comprend&nbsp;:<\/p>\n\n\n\n<ul>\n<li>Arts du langage<\/li>\n\n\n\n<li>Math\u00e9matiques<\/li>\n<\/ul>\n\n\n\n<p>Enseignement en fran\u00e7ais comprend&nbsp;:<\/p>\n\n\n\n<ul>\n<li>Fran\u00e7ais (programme d\u2019immersion)<\/li>\n\n\n\n<li>Musique<\/li>\n\n\n\n<li>Arts Plastiques<\/li>\n\n\n\n<li>\u00c9ducation Physique<\/li>\n\n\n\n<li>Culture et Citoyennet\u00e9 Qu\u00e9b\u00e9coise<\/li>\n<\/ul>\n\n\n\n<h2 class=\"wp-block-heading\">3e \u00e0 6e ann\u00e9e<\/h2>\n\n\n\n<p>Enseignement en anglais comprend&nbsp;:<\/p>\n\n\n\n<ul>\n<li>Arts du langage<\/li>\n\n\n\n<li>Math\u00e9matiques<\/li>\n\n\n\n<li>Sciences et technologie<\/li>\n<\/ul>\n\n\n\n<p>Enseignement en fran\u00e7ais comprend&nbsp;:<\/p>\n\n\n\n<ul>\n<li>Fran\u00e7ais (programme d\u2019immersion)<\/li>\n\n\n\n<li>Musique<\/li>\n\n\n\n<li>\u00c9ducation Physique<\/li>\n\n\n\n<li>Culture et Citoyennet\u00e9 Qu\u00e9b\u00e9coise<\/li>\n\n\n\n<li>G\u00e9ographie, Histoire et Citoyennet\u00e9<\/li>\n<\/ul>\n","protected":false},"excerpt":{"rendered":"<p>La communaut\u00e9 de St. Paul est une communaut\u00e9. Notre Assocation Home and School est compos\u00e9 de parents b\u00e9n\u00e9voles qui planifient, recueillent des fonds et mettent en \u0153uvre une vari\u00e9t\u00e9 d\u2019activit\u00e9s pour nos \u00e9l\u00e8ves. Le conseil d\u2019\u00e9tablissement de l\u2019\u00e9cole St. Paul est compos\u00e9 de membres du personnel et de parents et a comme mandat d\u2019orienter certains&hellip;<\/p>\n","protected":false},"author":1,"featured_media":0,"parent":0,"menu_order":0,"comment_status":"closed","ping_status":"closed","template":"","meta":{"_acf_changed":false,"_relevanssi_hide_post":"","_relevanssi_hide_content":"","_relevanssi_pin_for_all":"","_relevanssi_pin_keywords":"","_relevanssi_unpin_keywords":"","_relevanssi_related_keywords":"","_relevanssi_related_include_ids":"","_relevanssi_related_exclude_ids":"","_relevanssi_related_no_append":"","_relevanssi_related_not_related":"","_relevanssi_related_posts":"","_relevanssi_noindex_reason":"","footnotes":""},"acf":[],"_links":{"self":[{"href":"https:\/\/stpaulelementary.swlauriersb.vortexdev.com\/fr\/wp-json\/wp\/v2\/pages\/177"}],"collection":[{"href":"https:\/\/stpaulelementary.swlauriersb.vortexdev.com\/fr\/wp-json\/wp\/v2\/pages"}],"about":[{"href":"https:\/\/stpaulelementary.swlauriersb.vortexdev.com\/fr\/wp-json\/wp\/v2\/types\/page"}],"author":[{"embeddable":true,"href":"https:\/\/stpaulelementary.swlauriersb.vortexdev.com\/fr\/wp-json\/wp\/v2\/users\/1"}],"replies":[{"embeddable":true,"href":"https:\/\/stpaulelementary.swlauriersb.vortexdev.com\/fr\/wp-json\/wp\/v2\/comments?post=177"}],"version-history":[{"count":3,"href":"https:\/\/stpaulelementary.swlauriersb.vortexdev.com\/fr\/wp-json\/wp\/v2\/pages\/177\/revisions"}],"predecessor-version":[{"id":365,"href":"https:\/\/stpaulelementary.swlauriersb.vortexdev.com\/fr\/wp-json\/wp\/v2\/pages\/177\/revisions\/365"}],"wp:attachment":[{"href":"https:\/\/stpaulelementary.swlauriersb.vortexdev.com\/fr\/wp-json\/wp\/v2\/media?parent=177"}],"curies":[{"name":"wp","href":"https:\/\/api.w.org\/{rel}","templated":true}]}}