{"id":172,"date":"2024-05-08T14:26:44","date_gmt":"2024-05-08T18:26:44","guid":{"rendered":"https:\/\/stpaulelementary.swlauriersb.vortexdev.com\/calendar-2\/"},"modified":"2024-06-28T11:29:13","modified_gmt":"2024-06-28T15:29:13","slug":"calendrier","status":"publish","type":"page","link":"https:\/\/stpaulelementary.swlauriersb.vortexdev.com\/fr\/informations-pour-les-parents\/calendrier\/","title":{"rendered":"Horaire"},"content":{"rendered":"\n<h2 class=\"wp-block-heading\">Notre Horaire<\/h2>\n\n\n\n<p>Les \u00e9l\u00e8ves de l\u2019\u00e9cole St. Paul ont cinq p\u00e9riodes de cours par jour. Nous offrons \u00e9galement deux pauses en plus de notre heure de d\u00eener. Pendant l\u2019heure du d\u00eener, les \u00e9l\u00e8ves mangent la moiti\u00e9 du temps et jouent \u00e0 l\u2019ext\u00e9rieur (si le temps le permet) pour l\u2019autre moiti\u00e9.<\/p>\n\n\n\n<p>Les cours commencent \u00e0 9 h et terminent \u00e0 15 h 50. Les \u00e9l\u00e8ves ont deux p\u00e9riodes de r\u00e9cr\u00e9ation en plein air, une le matin et une l\u2019apr\u00e8s-midi. L\u2019heure du midi est de 60 minutes, avec la moiti\u00e9 du temps pass\u00e9 \u00e0 l\u2019int\u00e9rieur pour manger et l\u2019autre moiti\u00e9 \u00e0 l\u2019ext\u00e9rieur.<\/p>\n","protected":false},"excerpt":{"rendered":"<p>Notre Horaire Les \u00e9l\u00e8ves de l\u2019\u00e9cole St. Paul ont cinq p\u00e9riodes de cours par jour. Nous offrons \u00e9galement deux pauses en plus de notre heure de d\u00eener. Pendant l\u2019heure du d\u00eener, les \u00e9l\u00e8ves mangent la moiti\u00e9 du temps et jouent \u00e0 l\u2019ext\u00e9rieur (si le temps le permet) pour l\u2019autre moiti\u00e9. Les cours commencent \u00e0 9&hellip;<\/p>\n","protected":false},"author":1,"featured_media":0,"parent":173,"menu_order":0,"comment_status":"closed","ping_status":"closed","template":"","meta":{"_acf_changed":false,"_relevanssi_hide_post":"","_relevanssi_hide_content":"","_relevanssi_pin_for_all":"","_relevanssi_pin_keywords":"","_relevanssi_unpin_keywords":"","_relevanssi_related_keywords":"","_relevanssi_related_include_ids":"","_relevanssi_related_exclude_ids":"","_relevanssi_related_no_append":"","_relevanssi_related_not_related":"","_relevanssi_related_posts":"","_relevanssi_noindex_reason":"","footnotes":""},"acf":[],"_links":{"self":[{"href":"https:\/\/stpaulelementary.swlauriersb.vortexdev.com\/fr\/wp-json\/wp\/v2\/pages\/172"}],"collection":[{"href":"https:\/\/stpaulelementary.swlauriersb.vortexdev.com\/fr\/wp-json\/wp\/v2\/pages"}],"about":[{"href":"https:\/\/stpaulelementary.swlauriersb.vortexdev.com\/fr\/wp-json\/wp\/v2\/types\/page"}],"author":[{"embeddable":true,"href":"https:\/\/stpaulelementary.swlauriersb.vortexdev.com\/fr\/wp-json\/wp\/v2\/users\/1"}],"replies":[{"embeddable":true,"href":"https:\/\/stpaulelementary.swlauriersb.vortexdev.com\/fr\/wp-json\/wp\/v2\/comments?post=172"}],"version-history":[{"count":3,"href":"https:\/\/stpaulelementary.swlauriersb.vortexdev.com\/fr\/wp-json\/wp\/v2\/pages\/172\/revisions"}],"predecessor-version":[{"id":422,"href":"https:\/\/stpaulelementary.swlauriersb.vortexdev.com\/fr\/wp-json\/wp\/v2\/pages\/172\/revisions\/422"}],"up":[{"embeddable":true,"href":"https:\/\/stpaulelementary.swlauriersb.vortexdev.com\/fr\/wp-json\/wp\/v2\/pages\/173"}],"wp:attachment":[{"href":"https:\/\/stpaulelementary.swlauriersb.vortexdev.com\/fr\/wp-json\/wp\/v2\/media?parent=172"}],"curies":[{"name":"wp","href":"https:\/\/api.w.org\/{rel}","templated":true}]}}