{"id":171,"date":"2024-05-08T14:27:05","date_gmt":"2024-05-08T18:27:05","guid":{"rendered":"https:\/\/stpaulelementary.swlauriersb.vortexdev.com\/parent-resources\/"},"modified":"2024-05-30T08:41:11","modified_gmt":"2024-05-30T12:41:11","slug":"ressources-pour-les-parents","status":"publish","type":"page","link":"https:\/\/stpaulelementary.swlauriersb.vortexdev.com\/fr\/informations-pour-les-parents\/ressources-pour-les-parents\/","title":{"rendered":"Ressources pour les parents"},"content":{"rendered":"\n<h2 class=\"wp-block-heading\">Ressources \u00c9ducatives<\/h2>\n\n\n\n<p>Vous trouverez ci-dessous des liens vers divers sites Web et organismes qui pourraient vous aider.<\/p>\n\n\n\n<p><a href=\"https:\/\/www.swlauriersb.qc.ca\/en\/\">Commission scolaire<\/a> Sir Wilfrid Laurier| Commission scolaire Sir Wilfrid Laurier<\/p>\n\n\n\n<p><a href=\"https:\/\/learnquebec.ca\/\">Learn Quebec<\/a>&nbsp;: tutorat en ligne gratuit pour les \u00e9tudiants<\/p>\n\n\n\n<p><a href=\"https:\/\/www.starfall.com\/h\/\">Starfall<\/a>: site pour pratiquer l\u2019alphabet et les math\u00e9matiques<\/p>\n\n\n\n<p>Programme minist\u00e9riel&nbsp;:<a href=\"https:\/\/www.education.gouv.qc.ca\/en\/teachers\/quebec-education-program\/preschool\/\"> K4 | K5<\/a><\/p>\n\n\n\n<p>Programme minist\u00e9riel&nbsp;:<a href=\"https:\/\/www.education.gouv.qc.ca\/en\/teachers\/quebec-education-program\/elementary\/\"> 1re ann\u00e9e | 1re ann\u00e9e<\/a><\/p>\n\n\n\n<h2 class=\"wp-block-heading\">Progressions des apprentissages<\/h2>\n\n\n\n<p>English Language Arts<a href=\"https:\/\/stpaulelementary.files.wordpress.com\/2019\/02\/5.4.1_ela_progressions-of-learning.pdf\"> ELA_Progressions of Learning<\/a><\/p>\n\n\n\n<p>French Langue Seconde (Programme immersion) <a href=\"https:\/\/stpaulelementary.files.wordpress.com\/2019\/02\/pda_pfeq_francais-langue-seconde-immersion_2009-primaire.pdf\">FLS Progression des apprentissages<\/a><\/p>\n\n\n\n<p>Math\u00e9matiques<a href=\"https:\/\/stpaulelementary.files.wordpress.com\/2019\/02\/5.4.3_math_en_progressions-of-learning.pdf\"> Math\u00e9matiques Progressions de l\u2019apprentissage<\/a><\/p>\n\n\n\n<p>\u00c9thique et cultures religieuses<a href=\"https:\/\/stpaulelementary.files.wordpress.com\/2019\/02\/5.4.9_ecr_en-progressions-of-learning.pdf\"> ERC Progressions de l\u2019apprentissage<\/a><\/p>\n\n\n\n<p>Science &amp; Technologie<a href=\"https:\/\/stpaulelementary.files.wordpress.com\/2019\/02\/5.4.4_scitech_en_progressions-of-learning.pdf\"> SciTech Progr\u00e8s de l\u2019apprentissage<\/a><\/p>\n\n\n\n<p>G\u00e9ographie, histoire et citoyennet\u00e9<a href=\"https:\/\/stpaulelementary.files.wordpress.com\/2019\/02\/5.4.5_ghc_en_progressions-of-learning.pdf\"> GHC Progressions de l\u2019apprentissage<\/a><\/p>\n\n\n\n<p>\u00c9ducation physique \u00c9ducation<a href=\"https:\/\/stpaulelementary.files.wordpress.com\/2019\/02\/5.4.8_edphy_progressions-of-learning.pdf\"> physique Progr\u00e8s de l\u2019apprentissage<\/a><\/p>\n\n\n\n<p>Music <a href=\"https:\/\/stpaulelementary.files.wordpress.com\/2019\/02\/5.4.7_musiq_progressions-of-learning.pdf\">Musique Progressions of Learning<\/a><\/p>\n\n\n\n<p>Visual Arts <a href=\"https:\/\/stpaulelementary.files.wordpress.com\/2019\/02\/5.4.6_artpla_progressions-of-learning.pdf\">Visual Arts Progressions of Learning<\/a><\/p>\n\n\n\n<p>Progressions dramatiques<a href=\"https:\/\/www.education.gouv.qc.ca\/fileadmin\/site_web\/documents\/education\/jeunes\/pfeq\/PDA_PFEQ_art-dramatique-primaire_2009_EN.pdf\"> de l\u2019apprentissage<\/a><\/p>\n","protected":false},"excerpt":{"rendered":"<p>Ressources \u00c9ducatives Vous trouverez ci-dessous des liens vers divers sites Web et organismes qui pourraient vous aider. Commission scolaire Sir Wilfrid Laurier| Commission scolaire Sir Wilfrid Laurier Learn Quebec&nbsp;: tutorat en ligne gratuit pour les \u00e9tudiants Starfall: site pour pratiquer l\u2019alphabet et les math\u00e9matiques Programme minist\u00e9riel&nbsp;: K4 | K5 Programme minist\u00e9riel&nbsp;: 1re ann\u00e9e | 1re&hellip;<\/p>\n","protected":false},"author":1,"featured_media":0,"parent":173,"menu_order":0,"comment_status":"closed","ping_status":"closed","template":"","meta":{"_acf_changed":false,"_relevanssi_hide_post":"","_relevanssi_hide_content":"","_relevanssi_pin_for_all":"","_relevanssi_pin_keywords":"","_relevanssi_unpin_keywords":"","_relevanssi_related_keywords":"","_relevanssi_related_include_ids":"","_relevanssi_related_exclude_ids":"","_relevanssi_related_no_append":"","_relevanssi_related_not_related":"","_relevanssi_related_posts":"","_relevanssi_noindex_reason":"","footnotes":""},"acf":[],"_links":{"self":[{"href":"https:\/\/stpaulelementary.swlauriersb.vortexdev.com\/fr\/wp-json\/wp\/v2\/pages\/171"}],"collection":[{"href":"https:\/\/stpaulelementary.swlauriersb.vortexdev.com\/fr\/wp-json\/wp\/v2\/pages"}],"about":[{"href":"https:\/\/stpaulelementary.swlauriersb.vortexdev.com\/fr\/wp-json\/wp\/v2\/types\/page"}],"author":[{"embeddable":true,"href":"https:\/\/stpaulelementary.swlauriersb.vortexdev.com\/fr\/wp-json\/wp\/v2\/users\/1"}],"replies":[{"embeddable":true,"href":"https:\/\/stpaulelementary.swlauriersb.vortexdev.com\/fr\/wp-json\/wp\/v2\/comments?post=171"}],"version-history":[{"count":2,"href":"https:\/\/stpaulelementary.swlauriersb.vortexdev.com\/fr\/wp-json\/wp\/v2\/pages\/171\/revisions"}],"predecessor-version":[{"id":372,"href":"https:\/\/stpaulelementary.swlauriersb.vortexdev.com\/fr\/wp-json\/wp\/v2\/pages\/171\/revisions\/372"}],"up":[{"embeddable":true,"href":"https:\/\/stpaulelementary.swlauriersb.vortexdev.com\/fr\/wp-json\/wp\/v2\/pages\/173"}],"wp:attachment":[{"href":"https:\/\/stpaulelementary.swlauriersb.vortexdev.com\/fr\/wp-json\/wp\/v2\/media?parent=171"}],"curies":[{"name":"wp","href":"https:\/\/api.w.org\/{rel}","templated":true}]}}