{"id":170,"date":"2024-05-08T14:27:26","date_gmt":"2024-05-08T18:27:26","guid":{"rendered":"https:\/\/stpaulelementary.swlauriersb.vortexdev.com\/ppo-home-school\/"},"modified":"2024-05-30T08:41:17","modified_gmt":"2024-05-30T12:41:17","slug":"organisation-home-school","status":"publish","type":"page","link":"https:\/\/stpaulelementary.swlauriersb.vortexdev.com\/fr\/informations-pour-les-parents\/organisation-home-school\/","title":{"rendered":"Organisation Home &amp; School"},"content":{"rendered":"\n<h2 class=\"wp-block-heading\">Nos Parents B\u00e9n\u00e9voles Magnifiques<\/h2>\n\n\n\n<p>Nous avons une association Home and School tr\u00e8s active qui se r\u00e9unit r\u00e9guli\u00e8rement tout au long de l\u2019ann\u00e9e pour organiser des collectes de fonds et des activit\u00e9s sp\u00e9ciales pour nos \u00e9tudiants.<\/p>\n\n\n\n<h2 class=\"wp-block-heading\">Formulaire d\u2019inscription pour l\u2019Association Home &amp; School<\/h2>\n\n\n\n<h2 class=\"wp-block-heading\">Membres ex\u00e9cutifs<\/h2>\n\n\n\n<ul>\n<li>Santino Mossa, Pr\u00e9sident<\/li>\n\n\n\n<li>Leana Camarra, Vice-pr\u00e9sidente<\/li>\n\n\n\n<li>Melinda Patera, Tr\u00e9sori\u00e8re<\/li>\n\n\n\n<li>Jessica Vitulano, Secr\u00e9taire<\/li>\n\n\n\n<li>Diana Tornatora, Pr\u00e9sidente de l\u2019Adh\u00e9sion<\/li>\n<\/ul>\n\n\n\n<h2 class=\"wp-block-heading\">Infolettre de la Home &amp; School Association<\/h2>\n\n\n\n<h2 class=\"wp-block-heading\">Formulaires \u00e0 remplir et \u00e0 remettre au bureau pour devenir b\u00e9n\u00e9vole<\/h2>\n","protected":false},"excerpt":{"rendered":"<p>Nos Parents B\u00e9n\u00e9voles Magnifiques Nous avons une association Home and School tr\u00e8s active qui se r\u00e9unit r\u00e9guli\u00e8rement tout au long de l\u2019ann\u00e9e pour organiser des collectes de fonds et des activit\u00e9s sp\u00e9ciales pour nos \u00e9tudiants. Formulaire d\u2019inscription pour l\u2019Association Home &amp; School Membres ex\u00e9cutifs Infolettre de la Home &amp; School Association Formulaires \u00e0 remplir et&hellip;<\/p>\n","protected":false},"author":1,"featured_media":0,"parent":173,"menu_order":0,"comment_status":"closed","ping_status":"closed","template":"","meta":{"_acf_changed":false,"_relevanssi_hide_post":"","_relevanssi_hide_content":"","_relevanssi_pin_for_all":"","_relevanssi_pin_keywords":"","_relevanssi_unpin_keywords":"","_relevanssi_related_keywords":"","_relevanssi_related_include_ids":"","_relevanssi_related_exclude_ids":"","_relevanssi_related_no_append":"","_relevanssi_related_not_related":"","_relevanssi_related_posts":"","_relevanssi_noindex_reason":"","footnotes":""},"acf":[],"_links":{"self":[{"href":"https:\/\/stpaulelementary.swlauriersb.vortexdev.com\/fr\/wp-json\/wp\/v2\/pages\/170"}],"collection":[{"href":"https:\/\/stpaulelementary.swlauriersb.vortexdev.com\/fr\/wp-json\/wp\/v2\/pages"}],"about":[{"href":"https:\/\/stpaulelementary.swlauriersb.vortexdev.com\/fr\/wp-json\/wp\/v2\/types\/page"}],"author":[{"embeddable":true,"href":"https:\/\/stpaulelementary.swlauriersb.vortexdev.com\/fr\/wp-json\/wp\/v2\/users\/1"}],"replies":[{"embeddable":true,"href":"https:\/\/stpaulelementary.swlauriersb.vortexdev.com\/fr\/wp-json\/wp\/v2\/comments?post=170"}],"version-history":[{"count":2,"href":"https:\/\/stpaulelementary.swlauriersb.vortexdev.com\/fr\/wp-json\/wp\/v2\/pages\/170\/revisions"}],"predecessor-version":[{"id":373,"href":"https:\/\/stpaulelementary.swlauriersb.vortexdev.com\/fr\/wp-json\/wp\/v2\/pages\/170\/revisions\/373"}],"up":[{"embeddable":true,"href":"https:\/\/stpaulelementary.swlauriersb.vortexdev.com\/fr\/wp-json\/wp\/v2\/pages\/173"}],"wp:attachment":[{"href":"https:\/\/stpaulelementary.swlauriersb.vortexdev.com\/fr\/wp-json\/wp\/v2\/media?parent=170"}],"curies":[{"name":"wp","href":"https:\/\/api.w.org\/{rel}","templated":true}]}}