{"id":168,"date":"2024-05-08T14:28:15","date_gmt":"2024-05-08T18:28:15","guid":{"rendered":"https:\/\/stpaulelementary.swlauriersb.vortexdev.com\/activities\/"},"modified":"2024-05-30T08:41:54","modified_gmt":"2024-05-30T12:41:54","slug":"activites","status":"publish","type":"page","link":"https:\/\/stpaulelementary.swlauriersb.vortexdev.com\/fr\/informations-pour-les-parents\/activites\/","title":{"rendered":"Activit\u00e9s"},"content":{"rendered":"\n<h2 class=\"wp-block-heading\">Activit\u00e9s Parascolaires Offertes par les Enseignants<\/h2>\n\n\n\n<p>Plusieurs enseignants de notre \u00e9cole donnent de leur temps pour offrir des activit\u00e9s suppl\u00e9mentaires aux \u00e9l\u00e8ves en dehors de leur temps d\u2019enseignement. Voici une liste des activit\u00e9s parascolaires habituellement offertes.<\/p>\n\n\n\n<ul>\n<li>La petite chorale<\/li>\n\n\n\n<li>Chorale<\/li>\n\n\n\n<li>Zumba<\/li>\n\n\n\n<li>\u00c9quipes sportives intermurales (flag football, basketball)<\/li>\n\n\n\n<li>Yoga<\/li>\n\n\n\n<li>Cours de langue italienne PELO offerts apr\u00e8s les cours gr\u00e2ce \u00e0 une bourse que nous recevons du gouvernement<\/li>\n<\/ul>\n","protected":false},"excerpt":{"rendered":"<p>Activit\u00e9s Parascolaires Offertes par les Enseignants Plusieurs enseignants de notre \u00e9cole donnent de leur temps pour offrir des activit\u00e9s suppl\u00e9mentaires aux \u00e9l\u00e8ves en dehors de leur temps d\u2019enseignement. Voici une liste des activit\u00e9s parascolaires habituellement offertes.<\/p>\n","protected":false},"author":1,"featured_media":0,"parent":173,"menu_order":0,"comment_status":"closed","ping_status":"closed","template":"","meta":{"_acf_changed":false,"_relevanssi_hide_post":"","_relevanssi_hide_content":"","_relevanssi_pin_for_all":"","_relevanssi_pin_keywords":"","_relevanssi_unpin_keywords":"","_relevanssi_related_keywords":"","_relevanssi_related_include_ids":"","_relevanssi_related_exclude_ids":"","_relevanssi_related_no_append":"","_relevanssi_related_not_related":"","_relevanssi_related_posts":"","_relevanssi_noindex_reason":"","footnotes":""},"acf":[],"_links":{"self":[{"href":"https:\/\/stpaulelementary.swlauriersb.vortexdev.com\/fr\/wp-json\/wp\/v2\/pages\/168"}],"collection":[{"href":"https:\/\/stpaulelementary.swlauriersb.vortexdev.com\/fr\/wp-json\/wp\/v2\/pages"}],"about":[{"href":"https:\/\/stpaulelementary.swlauriersb.vortexdev.com\/fr\/wp-json\/wp\/v2\/types\/page"}],"author":[{"embeddable":true,"href":"https:\/\/stpaulelementary.swlauriersb.vortexdev.com\/fr\/wp-json\/wp\/v2\/users\/1"}],"replies":[{"embeddable":true,"href":"https:\/\/stpaulelementary.swlauriersb.vortexdev.com\/fr\/wp-json\/wp\/v2\/comments?post=168"}],"version-history":[{"count":2,"href":"https:\/\/stpaulelementary.swlauriersb.vortexdev.com\/fr\/wp-json\/wp\/v2\/pages\/168\/revisions"}],"predecessor-version":[{"id":369,"href":"https:\/\/stpaulelementary.swlauriersb.vortexdev.com\/fr\/wp-json\/wp\/v2\/pages\/168\/revisions\/369"}],"up":[{"embeddable":true,"href":"https:\/\/stpaulelementary.swlauriersb.vortexdev.com\/fr\/wp-json\/wp\/v2\/pages\/173"}],"wp:attachment":[{"href":"https:\/\/stpaulelementary.swlauriersb.vortexdev.com\/fr\/wp-json\/wp\/v2\/media?parent=168"}],"curies":[{"name":"wp","href":"https:\/\/api.w.org\/{rel}","templated":true}]}}