{"id":167,"date":"2024-05-08T14:28:33","date_gmt":"2024-05-08T18:28:33","guid":{"rendered":"https:\/\/stpaulelementary.swlauriersb.vortexdev.com\/gb\/"},"modified":"2024-05-30T08:41:40","modified_gmt":"2024-05-30T12:41:40","slug":"conseil-detablissement","status":"publish","type":"page","link":"https:\/\/stpaulelementary.swlauriersb.vortexdev.com\/fr\/informations-pour-les-parents\/conseil-detablissement\/","title":{"rendered":"Conseil d\u2019\u00e9tablissement"},"content":{"rendered":"\n<p>Notre conseil d\u2019\u00e9tablissement est compos\u00e9 de parents et de membres du personnel et se r\u00e9unit mensuellement pour adopter les d\u00e9cisions concernant les finances de l\u2019\u00e9cole, le code de vie, les sorties scolaires, les politiques, les proc\u00e9dures et plus. Les membres sont \u00e9lus chaque ann\u00e9e en septembre \u00e0 l\u2019Assembl\u00e9e g\u00e9n\u00e9rale des parents.<\/p>\n\n\n\n<p>Le conseil d\u2019\u00e9tablissement de l\u2019\u00e9cole St. Paul est compos\u00e9 de membre du personnel et de parents et a comme mandat de r\u00e9gir certains aspects du fonctionnement de l\u2019\u00e9cole, conform\u00e9ment \u00e0 la Loi sur l\u2019\u00c9ducation du Qu\u00e9bec. Ce comit\u00e9 se r\u00e9unit mensuellement pour discuter de divers sujets, approuver et\/ou adopter des propositions et des politiques pour l\u2019\u00e9cole.<\/p>\n\n\n\n<p>Les minutes de la r\u00e9union de notre GB sera approuv\u00e9 \u00e0 la r\u00e9union du mois suivant.<\/p>\n\n\n\n<h3 class=\"wp-block-heading\">Membres ayant un vote (\u00c9lus)<\/h3>\n\n\n\n<ul>\n<li>Michelina Capozi, membre parent<\/li>\n\n\n\n<li>Michele Panichella, membre parent<\/li>\n\n\n\n<li>Amanda-Marie Scolack, membre parent<\/li>\n\n\n\n<li>Tammy Lalonde, membre parent<\/li>\n\n\n\n<li>Christina Souliere, membre parent<\/li>\n\n\n\n<li>Esther Festa, membre parent<\/li>\n\n\n\n<li>David Bergin, enseignant<\/li>\n\n\n\n<li>Gianna Labbiento, enseignante<\/li>\n\n\n\n<li>Amanda Diodati, technicienne en service de garde<\/li>\n<\/ul>\n\n\n\n<h3 class=\"wp-block-heading\">Membres n\u2019ayant pas de vote<\/h3>\n\n\n\n<ul>\n<li>Lynn Neveu, Directrice<\/li>\n<\/ul>\n","protected":false},"excerpt":{"rendered":"<p>Notre conseil d\u2019\u00e9tablissement est compos\u00e9 de parents et de membres du personnel et se r\u00e9unit mensuellement pour adopter les d\u00e9cisions concernant les finances de l\u2019\u00e9cole, le code de vie, les sorties scolaires, les politiques, les proc\u00e9dures et plus. Les membres sont \u00e9lus chaque ann\u00e9e en septembre \u00e0 l\u2019Assembl\u00e9e g\u00e9n\u00e9rale des parents. Le conseil d\u2019\u00e9tablissement de&hellip;<\/p>\n","protected":false},"author":1,"featured_media":0,"parent":173,"menu_order":0,"comment_status":"closed","ping_status":"closed","template":"","meta":{"_acf_changed":false,"_relevanssi_hide_post":"","_relevanssi_hide_content":"","_relevanssi_pin_for_all":"","_relevanssi_pin_keywords":"","_relevanssi_unpin_keywords":"","_relevanssi_related_keywords":"","_relevanssi_related_include_ids":"","_relevanssi_related_exclude_ids":"","_relevanssi_related_no_append":"","_relevanssi_related_not_related":"","_relevanssi_related_posts":"","_relevanssi_noindex_reason":"","footnotes":""},"acf":[],"_links":{"self":[{"href":"https:\/\/stpaulelementary.swlauriersb.vortexdev.com\/fr\/wp-json\/wp\/v2\/pages\/167"}],"collection":[{"href":"https:\/\/stpaulelementary.swlauriersb.vortexdev.com\/fr\/wp-json\/wp\/v2\/pages"}],"about":[{"href":"https:\/\/stpaulelementary.swlauriersb.vortexdev.com\/fr\/wp-json\/wp\/v2\/types\/page"}],"author":[{"embeddable":true,"href":"https:\/\/stpaulelementary.swlauriersb.vortexdev.com\/fr\/wp-json\/wp\/v2\/users\/1"}],"replies":[{"embeddable":true,"href":"https:\/\/stpaulelementary.swlauriersb.vortexdev.com\/fr\/wp-json\/wp\/v2\/comments?post=167"}],"version-history":[{"count":2,"href":"https:\/\/stpaulelementary.swlauriersb.vortexdev.com\/fr\/wp-json\/wp\/v2\/pages\/167\/revisions"}],"predecessor-version":[{"id":371,"href":"https:\/\/stpaulelementary.swlauriersb.vortexdev.com\/fr\/wp-json\/wp\/v2\/pages\/167\/revisions\/371"}],"up":[{"embeddable":true,"href":"https:\/\/stpaulelementary.swlauriersb.vortexdev.com\/fr\/wp-json\/wp\/v2\/pages\/173"}],"wp:attachment":[{"href":"https:\/\/stpaulelementary.swlauriersb.vortexdev.com\/fr\/wp-json\/wp\/v2\/media?parent=167"}],"curies":[{"name":"wp","href":"https:\/\/api.w.org\/{rel}","templated":true}]}}