{"id":163,"date":"2024-05-08T14:31:16","date_gmt":"2024-05-08T18:31:16","guid":{"rendered":"https:\/\/stpaulelementary.swlauriersb.vortexdev.com\/day-care-services\/"},"modified":"2024-05-30T08:39:05","modified_gmt":"2024-05-30T12:39:05","slug":"services-de-garde","status":"publish","type":"page","link":"https:\/\/stpaulelementary.swlauriersb.vortexdev.com\/fr\/services\/services-de-garde\/","title":{"rendered":"Services de garde"},"content":{"rendered":"\n<h2 class=\"wp-block-heading\">INSCRIPTIONS SERVICE DE GARDE<\/h2>\n\n\n\n<p>Veuillez communiquer avec Amanda Diodati, notre technicienne en service de garde, pour inscrire votre enfant.<\/p>\n\n\n\n<p>Par t\u00e9l\u00e9phone: 450-680-3034 ext 6721<\/p>\n\n\n\n<h2 class=\"wp-block-heading\">Service de Garde<\/h2>\n\n\n\n<p>Le service de garde est offert \u00e0 partir de 7h jusqu\u2019au d\u00e9but des cours \u00e0 9 h 00 ainsi qu\u2019apr\u00e8s l\u2019\u00e9cole \u00e0 partir de la fin des cours \u00e0 15 h 45 jusqu\u2019\u00e0 18 h. Le service est factur\u00e9 selon le taux \u00e9tabli par le gouvernement. Cela comprend la collation, le jeu physique (\u00e0 l\u2019int\u00e9rieur ou \u00e0 l\u2019ext\u00e9rieur) et une p\u00e9riode de devoirs d\u00e9sign\u00e9e.<\/p>\n\n\n\n<p>Le service de garde est \u00e9galement ouvert aux \u00e9tudiants inscrits pendant les journ\u00e9es p\u00e9dagogiques et des activit\u00e9s sp\u00e9ciales sont pr\u00e9vues \u00e0 l\u2019\u00e9cole. Parfois des sorties sont \u00e9galement pr\u00e9vues ces jours-l\u00e0. Des frais suppl\u00e9mentaires sont factur\u00e9s pour les journ\u00e9es p\u00e9dagogiques.<\/p>\n\n\n\n<p>Des projets et des th\u00e8mes sp\u00e9ciaux sont planifi\u00e9s annuellement pour tous les \u00e9l\u00e8ves et encouragent souvent la participation des familles.<\/p>\n","protected":false},"excerpt":{"rendered":"<p>INSCRIPTIONS SERVICE DE GARDE Veuillez communiquer avec Amanda Diodati, notre technicienne en service de garde, pour inscrire votre enfant. Par t\u00e9l\u00e9phone: 450-680-3034 ext 6721 Service de Garde Le service de garde est offert \u00e0 partir de 7h jusqu\u2019au d\u00e9but des cours \u00e0 9 h 00 ainsi qu\u2019apr\u00e8s l\u2019\u00e9cole \u00e0 partir de la fin des cours&hellip;<\/p>\n","protected":false},"author":1,"featured_media":0,"parent":164,"menu_order":0,"comment_status":"closed","ping_status":"closed","template":"","meta":{"_acf_changed":false,"_relevanssi_hide_post":"","_relevanssi_hide_content":"","_relevanssi_pin_for_all":"","_relevanssi_pin_keywords":"","_relevanssi_unpin_keywords":"","_relevanssi_related_keywords":"","_relevanssi_related_include_ids":"","_relevanssi_related_exclude_ids":"","_relevanssi_related_no_append":"","_relevanssi_related_not_related":"","_relevanssi_related_posts":"","_relevanssi_noindex_reason":"","footnotes":""},"acf":[],"_links":{"self":[{"href":"https:\/\/stpaulelementary.swlauriersb.vortexdev.com\/fr\/wp-json\/wp\/v2\/pages\/163"}],"collection":[{"href":"https:\/\/stpaulelementary.swlauriersb.vortexdev.com\/fr\/wp-json\/wp\/v2\/pages"}],"about":[{"href":"https:\/\/stpaulelementary.swlauriersb.vortexdev.com\/fr\/wp-json\/wp\/v2\/types\/page"}],"author":[{"embeddable":true,"href":"https:\/\/stpaulelementary.swlauriersb.vortexdev.com\/fr\/wp-json\/wp\/v2\/users\/1"}],"replies":[{"embeddable":true,"href":"https:\/\/stpaulelementary.swlauriersb.vortexdev.com\/fr\/wp-json\/wp\/v2\/comments?post=163"}],"version-history":[{"count":2,"href":"https:\/\/stpaulelementary.swlauriersb.vortexdev.com\/fr\/wp-json\/wp\/v2\/pages\/163\/revisions"}],"predecessor-version":[{"id":381,"href":"https:\/\/stpaulelementary.swlauriersb.vortexdev.com\/fr\/wp-json\/wp\/v2\/pages\/163\/revisions\/381"}],"up":[{"embeddable":true,"href":"https:\/\/stpaulelementary.swlauriersb.vortexdev.com\/fr\/wp-json\/wp\/v2\/pages\/164"}],"wp:attachment":[{"href":"https:\/\/stpaulelementary.swlauriersb.vortexdev.com\/fr\/wp-json\/wp\/v2\/media?parent=163"}],"curies":[{"name":"wp","href":"https:\/\/api.w.org\/{rel}","templated":true}]}}