{"id":161,"date":"2024-05-08T14:32:11","date_gmt":"2024-05-08T18:32:11","guid":{"rendered":"https:\/\/stpaulelementary.swlauriersb.vortexdev.com\/transportation\/"},"modified":"2024-05-30T08:38:59","modified_gmt":"2024-05-30T12:38:59","slug":"transport-scolaire","status":"publish","type":"page","link":"https:\/\/stpaulelementary.swlauriersb.vortexdev.com\/fr\/services\/transport-scolaire\/","title":{"rendered":"Transport scolaire"},"content":{"rendered":"\n<p>Tous les \u00e9l\u00e8ves qui habitent dans notre zone scolaire ont droit au transport par autobus scolaire, \u00e0 moins qu\u2019ils vivent \u00e0 une distance de moins d\u2019un kilom\u00e8tre.\u00a0 Les parents peuvent aussi transporter leur enfant \u00e0 l\u2019\u00e9cole ou utiliser notre service de garde.<\/p>\n","protected":false},"excerpt":{"rendered":"<p>Tous les \u00e9l\u00e8ves qui habitent dans notre zone scolaire ont droit au transport par autobus scolaire, \u00e0 moins qu\u2019ils vivent \u00e0 une distance de moins d\u2019un kilom\u00e8tre.\u00a0 Les parents peuvent aussi transporter leur enfant \u00e0 l\u2019\u00e9cole ou utiliser notre service de garde.<\/p>\n","protected":false},"author":1,"featured_media":0,"parent":164,"menu_order":0,"comment_status":"closed","ping_status":"closed","template":"","meta":{"_acf_changed":false,"_relevanssi_hide_post":"","_relevanssi_hide_content":"","_relevanssi_pin_for_all":"","_relevanssi_pin_keywords":"","_relevanssi_unpin_keywords":"","_relevanssi_related_keywords":"","_relevanssi_related_include_ids":"","_relevanssi_related_exclude_ids":"","_relevanssi_related_no_append":"","_relevanssi_related_not_related":"","_relevanssi_related_posts":"","_relevanssi_noindex_reason":"","footnotes":""},"acf":[],"_links":{"self":[{"href":"https:\/\/stpaulelementary.swlauriersb.vortexdev.com\/fr\/wp-json\/wp\/v2\/pages\/161"}],"collection":[{"href":"https:\/\/stpaulelementary.swlauriersb.vortexdev.com\/fr\/wp-json\/wp\/v2\/pages"}],"about":[{"href":"https:\/\/stpaulelementary.swlauriersb.vortexdev.com\/fr\/wp-json\/wp\/v2\/types\/page"}],"author":[{"embeddable":true,"href":"https:\/\/stpaulelementary.swlauriersb.vortexdev.com\/fr\/wp-json\/wp\/v2\/users\/1"}],"replies":[{"embeddable":true,"href":"https:\/\/stpaulelementary.swlauriersb.vortexdev.com\/fr\/wp-json\/wp\/v2\/comments?post=161"}],"version-history":[{"count":2,"href":"https:\/\/stpaulelementary.swlauriersb.vortexdev.com\/fr\/wp-json\/wp\/v2\/pages\/161\/revisions"}],"predecessor-version":[{"id":384,"href":"https:\/\/stpaulelementary.swlauriersb.vortexdev.com\/fr\/wp-json\/wp\/v2\/pages\/161\/revisions\/384"}],"up":[{"embeddable":true,"href":"https:\/\/stpaulelementary.swlauriersb.vortexdev.com\/fr\/wp-json\/wp\/v2\/pages\/164"}],"wp:attachment":[{"href":"https:\/\/stpaulelementary.swlauriersb.vortexdev.com\/fr\/wp-json\/wp\/v2\/media?parent=161"}],"curies":[{"name":"wp","href":"https:\/\/api.w.org\/{rel}","templated":true}]}}