{"id":147,"date":"2024-05-10T16:38:48","date_gmt":"2024-05-10T20:38:48","guid":{"rendered":"https:\/\/stpaulelementary.swlauriersb.vortexdev.com\/policies\/"},"modified":"2024-06-28T12:01:56","modified_gmt":"2024-06-28T16:01:56","slug":"politiques","status":"publish","type":"page","link":"https:\/\/stpaulelementary.swlauriersb.vortexdev.com\/fr\/politiques\/","title":{"rendered":"Politiques"},"content":{"rendered":"\n<h2 class=\"wp-block-heading\">Plan de lutte<\/h2>\n\n\n\n<p>\u00c0 St. Paul, nous avons un Plan de Lutte pour contrer l\u2019intimidation et la violence, qui peut \u00eatre consult\u00e9 ci-dessous. Il est r\u00e9vis\u00e9 annuellement et adopt\u00e9 par notre conseil d\u2019\u00e9tablissement.<\/p>\n\n\n\n<div class=\"wp-block-buttons is-layout-flex wp-block-buttons-is-layout-flex\">\n<div class=\"wp-block-button is-style-text-link-pdf\"><a class=\"wp-block-button__link wp-element-button\" href=\"https:\/\/stpaulelementary.swlauriersb.vortexdev.com\/wp-content\/uploads\/sites\/28\/2024\/06\/2023-24-French-St.-Paul-ABAV-End-of-Year-Evaluation-Report-St.-Paul.pdf\">Plan de lutte contre l&#8217;intimidation et la violence 2023-2024<i class=\"icon-pdf\"><\/i><\/a><\/div>\n\n\n\n<div class=\"wp-block-button is-style-text-link-pdf\"><a class=\"wp-block-button__link wp-element-button\" href=\"https:\/\/stpaulelementary.swlauriersb.vortexdev.com\/wp-content\/uploads\/sites\/28\/2024\/06\/2023-24-French-St.-Paul-ABAV-End-of-Year-Evaluation-Report-St.-Paul.pdf\">\u00c9valuation de fin d&#8217;ann\u00e9e du plan de lutte<i class=\"icon-pdf\"><\/i><\/a><\/div>\n\n\n\n<div class=\"wp-block-button is-style-text-link-pdf\"><a class=\"wp-block-button__link wp-element-button\" href=\"https:\/\/stpaulelementary.swlauriersb.vortexdev.com\/wp-content\/uploads\/sites\/28\/2024\/06\/French-Code-of-Conduct-St.-Paul-2024-2025.pdf\">Code de conduite<i class=\"icon-pdf\"><\/i><\/a><\/div>\n\n\n\n<div class=\"wp-block-button is-style-text-link-pdf\"><a class=\"wp-block-button__link wp-element-button\" href=\"https:\/\/stpaulelementary.swlauriersb.vortexdev.com\/wp-content\/uploads\/sites\/28\/2024\/06\/Project-Educatif-2024_2028.-St.-Paul-Elementary-School.pdf\">Projet \u00e9ducatif<i class=\"icon-pdf\"><\/i><\/a><\/div>\n<\/div>\n\n\n\n<h2 class=\"wp-block-heading\">Code Vestimentaire<\/h2>\n\n\n\n<p>Notre \u00e9cole a un code vestimentaire qui permet \u00e0 tous les \u00e9l\u00e8ves d\u2019apprendre dans un environnement sans jugement. En mettant tous les \u00e9l\u00e8ves sur un pied d\u2019\u00e9galit\u00e9 en ce qui concerne leurs v\u00eatements, on s\u2019assure que les \u00e9l\u00e8ves ne sont pas jug\u00e9s ou ostracis\u00e9s pour leurs choix de v\u00eatements. Notre code vestimentaire se compose de pantalons bleus marins et de chandails blancs, bleus ou gris.<\/p>\n\n\n\n<h2 class=\"wp-block-heading\">Nos Plans de S\u00e9curit\u00e9<\/h2>\n\n\n\n<p>Notre \u00e9cole a un Plan de Lutte contre l\u2019intimidation et la violence pour assurer la s\u00e9curit\u00e9 de nos \u00e9l\u00e8ves. Nos donn\u00e9es internes d\u00e9montrent que les incidents d\u2019intimidation (par d\u00e9finition) sont peu nombreux dans notre \u00e9cole.<\/p>\n\n\n\n<p>Les pratiques d\u2019\u00e9vacuation sont r\u00e9p\u00e9t\u00e9es tout au long de l\u2019ann\u00e9e, et nos plans et nos d\u00e9lais d\u2019intervention ont \u00e9t\u00e9 exemplaires, selon le service d\u2019incendie de Laval.<\/p>\n\n\n\n<p>Toutes les entr\u00e9es de l\u2019\u00e9cole sont verrouill\u00e9es \u00e0 l\u2019ext\u00e9rieur pendant la journ\u00e9e. Les adultes qui souhaitent entrer dans l\u2019\u00e9cole, doivent \u00eatre admis par les secr\u00e9taires.<\/p>\n","protected":false},"excerpt":{"rendered":"<p>Plan de lutte \u00c0 St. Paul, nous avons un Plan de Lutte pour contrer l\u2019intimidation et la violence, qui peut \u00eatre consult\u00e9 ci-dessous. Il est r\u00e9vis\u00e9 annuellement et adopt\u00e9 par notre conseil d\u2019\u00e9tablissement. Code Vestimentaire Notre \u00e9cole a un code vestimentaire qui permet \u00e0 tous les \u00e9l\u00e8ves d\u2019apprendre dans un environnement sans jugement. En mettant&hellip;<\/p>\n","protected":false},"author":1,"featured_media":0,"parent":0,"menu_order":0,"comment_status":"closed","ping_status":"closed","template":"","meta":{"_acf_changed":false,"_relevanssi_hide_post":"","_relevanssi_hide_content":"","_relevanssi_pin_for_all":"","_relevanssi_pin_keywords":"","_relevanssi_unpin_keywords":"","_relevanssi_related_keywords":"","_relevanssi_related_include_ids":"","_relevanssi_related_exclude_ids":"","_relevanssi_related_no_append":"","_relevanssi_related_not_related":"","_relevanssi_related_posts":"","_relevanssi_noindex_reason":"","footnotes":""},"acf":[],"_links":{"self":[{"href":"https:\/\/stpaulelementary.swlauriersb.vortexdev.com\/fr\/wp-json\/wp\/v2\/pages\/147"}],"collection":[{"href":"https:\/\/stpaulelementary.swlauriersb.vortexdev.com\/fr\/wp-json\/wp\/v2\/pages"}],"about":[{"href":"https:\/\/stpaulelementary.swlauriersb.vortexdev.com\/fr\/wp-json\/wp\/v2\/types\/page"}],"author":[{"embeddable":true,"href":"https:\/\/stpaulelementary.swlauriersb.vortexdev.com\/fr\/wp-json\/wp\/v2\/users\/1"}],"replies":[{"embeddable":true,"href":"https:\/\/stpaulelementary.swlauriersb.vortexdev.com\/fr\/wp-json\/wp\/v2\/comments?post=147"}],"version-history":[{"count":3,"href":"https:\/\/stpaulelementary.swlauriersb.vortexdev.com\/fr\/wp-json\/wp\/v2\/pages\/147\/revisions"}],"predecessor-version":[{"id":449,"href":"https:\/\/stpaulelementary.swlauriersb.vortexdev.com\/fr\/wp-json\/wp\/v2\/pages\/147\/revisions\/449"}],"wp:attachment":[{"href":"https:\/\/stpaulelementary.swlauriersb.vortexdev.com\/fr\/wp-json\/wp\/v2\/media?parent=147"}],"curies":[{"name":"wp","href":"https:\/\/api.w.org\/{rel}","templated":true}]}}